{"id":757,"date":"2023-11-21T20:28:01","date_gmt":"2023-11-21T23:28:01","guid":{"rendered":"https:\/\/2020.sialat.com\/?page_id=757"},"modified":"2023-11-23T16:10:49","modified_gmt":"2023-11-23T19:10:49","slug":"inscricao-tipo-2","status":"publish","type":"page","link":"https:\/\/2020.sialat.com\/index.php\/inscricao-tipo-2\/","title":{"rendered":"Inscri\u00e7\u00e3o Tipo 2 &#8211; Gratuita"},"content":{"rendered":"\n<p>V Semin\u00e1rio Internacional Am\u00e9rica Latina<br>Datas: 24 \u00e0 26 de abril de 2024 (Grupos de Trabalho, Mesas Redondas, Confer\u00eancias, Rodas de Conversa)<br>Local: N\u00facleo de Altos Estudos Amaz\u00f4nicos Universidade Federal do Par\u00e1<br>Realiza\u00e7\u00e3o: GETTAM \/ N\u00facleo de Altos Estudos Amaz\u00f4nicos \/ UFPA<br>Coordena\u00e7\u00e3o: Profa. Dra. Edna Castro<br>Site do evento: https:\/\/2020.sialat.com<\/p>\n\n\n<div class=\"everest-forms\"><div class=\"evf-container default\" id=\"evf-764\"><form id=\"evf-form-764\" class=\"everest-form\" data-formid=\"764\" data-ajax_submission=\"0\" data-keyboard_friendly_form=\"0\" method=\"post\" enctype=\"multipart\/form-data\" action=\"\/index.php\/wp-json\/wp\/v2\/pages\/757\"><div class=\"evf-field-container\"><input type=\"hidden\" id=\"_wpnonce764\" name=\"_wpnonce764\" value=\"4a18001af5\" \/><input type=\"hidden\" name=\"_wp_http_referer\" value=\"\/index.php\/wp-json\/wp\/v2\/pages\/757\" \/><div class=\"evf-frontend-row\" data-row=\"row_2\" conditional_rules=\"[]\"><div class=\"evf-frontend-grid evf-grid-1\" data-grid=\"grid_1\"><div id=\"evf-764-field_aSvWNYKwW5-3-container\" class=\"evf-field evf-field-first-name form-row validate-required\" data-required-field-message=\"Campo Obrigat\u00f3rio\" data-field-id=\"aSvWNYKwW5-3\"><label class=\"evf-field-label\" for=\"evf-764-field_aSvWNYKwW5-3\"><span class=\"evf-label\">NOME COMPLETO \/ NOMBRE Y APELIDO \/ FULL NAME<\/span> <abbr class=\"required\" title=\"Required\">*<\/abbr><\/label><input type=\"text\" id=\"evf-764-field_aSvWNYKwW5-3\" class=\"input-text\" name=\"everest_forms[form_fields][aSvWNYKwW5-3]\" placeholder=\"nome completo\" required><\/div><div id=\"evf-764-field_9Uo56i0HYi-4-container\" class=\"evf-field evf-field-email form-row validate-required validate-email\" data-required-field-message=\"por favor, coloque um email v\u00e1lido\" data-field-id=\"9Uo56i0HYi-4\"><label class=\"evf-field-label\" for=\"evf-764-field_9Uo56i0HYi-4\"><span class=\"evf-label\">E-MAIL \/ CORREO<\/span> <abbr class=\"required\" title=\"Required\">*<\/abbr><\/label><input type=\"email\" id=\"evf-764-field_9Uo56i0HYi-4\" class=\"input-text\" name=\"everest_forms[form_fields][9Uo56i0HYi-4]\" placeholder=\"email@email.com\" required ><\/div><div id=\"evf-764-field_tyhUfbIIGd-11-container\" class=\"evf-field evf-field-text form-row validate-required\" data-required-field-message=\"Este campo \u00e9 obrigat\u00f3rio\" data-field-id=\"tyhUfbIIGd-11\"><label class=\"evf-field-label\" for=\"evf-764-field_tyhUfbIIGd-11\"><span class=\"evf-label\">TELEFONE E WHATSAPP \/ PHONE NUMBER<\/span> <abbr class=\"required\" title=\"Required\">*<\/abbr><\/label><input type=\"text\" id=\"evf-764-field_tyhUfbIIGd-11\" class=\"input-text evf-masked-input\" data-inputmask-mask=\"(99) 99999-9999\" name=\"everest_forms[form_fields][tyhUfbIIGd-11]\" placeholder=\"99 99999-9999\" required><\/div><div id=\"evf-764-field_QYSzRYtdvI-6-container\" class=\"evf-field evf-field-text form-row validate-required\" data-required-field-message=\"Este campo \u00e9 obrigat\u00f3rio\" data-field-id=\"QYSzRYtdvI-6\"><label class=\"evf-field-label\" for=\"evf-764-field_QYSzRYtdvI-6\"><span class=\"evf-label\">PA\u00cdS \/ COUNTRY<\/span> <abbr class=\"required\" title=\"Required\">*<\/abbr><\/label><input type=\"text\" id=\"evf-764-field_QYSzRYtdvI-6\" class=\"input-text\" name=\"everest_forms[form_fields][QYSzRYtdvI-6]\" required><\/div><\/div><\/div><div class=\"evf-frontend-row\" data-row=\"row_3\" conditional_rules=\"[]\"><div class=\"evf-frontend-grid evf-grid-1\" data-grid=\"grid_1\"><div id=\"evf-764-field_LUOuLoSbWF-7-container\" class=\"evf-field evf-field-text form-row validate-required\" data-required-field-message=\"Este campo \u00e9 obrigat\u00f3rio\" data-field-id=\"LUOuLoSbWF-7\"><label class=\"evf-field-label\" for=\"evf-764-field_LUOuLoSbWF-7\"><span class=\"evf-label\">INSTITUI\u00c7\u00c3O FILIADA OU MOVIMENTO \/ INSTITUTION (UNIVERSITY<\/span> <abbr class=\"required\" title=\"Required\">*<\/abbr><\/label><input type=\"text\" id=\"evf-764-field_LUOuLoSbWF-7\" class=\"input-text\" name=\"everest_forms[form_fields][LUOuLoSbWF-7]\" required><\/div><\/div><\/div><div class=\"evf-frontend-row\" data-row=\"row_4\" conditional_rules=\"[]\"><div class=\"evf-frontend-grid evf-grid-1\" data-grid=\"grid_1\"><div id=\"evf-764-field_2YAKTJbIzl-8-container\" class=\"evf-field evf-field-radio form-row everest-forms-list-2-columns validate-required\" data-required-field-message=\"Este campo \u00e9 obrigat\u00f3rio\" data-field-id=\"2YAKTJbIzl-8\"><label class=\"evf-field-label\" for=\"evf-764-field_2YAKTJbIzl-8\"><span class=\"evf-label\">N\u00cdVEL DE ESCOLARIDADE \/ EDUCATION LEVEL<\/span> <abbr class=\"required\" title=\"Required\">*<\/abbr><\/label><ul id=\"evf-764-field_2YAKTJbIzl-8\" class=\" evf-field-required\"><li class=\"choice-1 depth-1\"><input type=\"radio\" id=\"evf-764-field_2YAKTJbIzl-8_1\" class=\"input-text\" name=\"everest_forms[form_fields][2YAKTJbIzl-8]\" value=\"ESTUDANTE DO ENSINO M\u00c9DIO\" required ><label class=\"everest-forms-field-label-inline\" for=\"evf-764-field_2YAKTJbIzl-8_1\">ESTUDANTE DO ENSINO M\u00c9DIO<\/label><\/li><li class=\"choice-2 depth-1\"><input type=\"radio\" id=\"evf-764-field_2YAKTJbIzl-8_2\" class=\"input-text\" name=\"everest_forms[form_fields][2YAKTJbIzl-8]\" value=\"GRADUANDO(A)\" required ><label class=\"everest-forms-field-label-inline\" for=\"evf-764-field_2YAKTJbIzl-8_2\">GRADUANDO(A)<\/label><\/li><li class=\"choice-3 depth-1\"><input type=\"radio\" id=\"evf-764-field_2YAKTJbIzl-8_3\" class=\"input-text\" name=\"everest_forms[form_fields][2YAKTJbIzl-8]\" value=\"GRADUADO(A)\" required ><label class=\"everest-forms-field-label-inline\" for=\"evf-764-field_2YAKTJbIzl-8_3\">GRADUADO(A)<\/label><\/li><li class=\"choice-4 depth-1\"><input type=\"radio\" id=\"evf-764-field_2YAKTJbIzl-8_4\" class=\"input-text\" name=\"everest_forms[form_fields][2YAKTJbIzl-8]\" value=\"MESTRANDO(A)\" required ><label class=\"everest-forms-field-label-inline\" for=\"evf-764-field_2YAKTJbIzl-8_4\">MESTRANDO(A)<\/label><\/li><li class=\"choice-5 depth-1\"><input type=\"radio\" id=\"evf-764-field_2YAKTJbIzl-8_5\" class=\"input-text\" name=\"everest_forms[form_fields][2YAKTJbIzl-8]\" value=\"MESTRE\" required ><label class=\"everest-forms-field-label-inline\" for=\"evf-764-field_2YAKTJbIzl-8_5\">MESTRE<\/label><\/li><li class=\"choice-6 depth-1\"><input type=\"radio\" id=\"evf-764-field_2YAKTJbIzl-8_6\" class=\"input-text\" name=\"everest_forms[form_fields][2YAKTJbIzl-8]\" value=\"DOUTORANDO(A)\" required ><label class=\"everest-forms-field-label-inline\" for=\"evf-764-field_2YAKTJbIzl-8_6\">DOUTORANDO(A)<\/label><\/li><li class=\"choice-7 depth-1\"><input type=\"radio\" id=\"evf-764-field_2YAKTJbIzl-8_7\" class=\"input-text\" name=\"everest_forms[form_fields][2YAKTJbIzl-8]\" value=\"DOUTOR(A)\" required ><label class=\"everest-forms-field-label-inline\" for=\"evf-764-field_2YAKTJbIzl-8_7\">DOUTOR(A)<\/label><\/li><li class=\"choice-8 depth-1\"><input type=\"radio\" id=\"evf-764-field_2YAKTJbIzl-8_8\" class=\"input-text\" name=\"everest_forms[form_fields][2YAKTJbIzl-8]\" value=\"Outros, descreva a baixo\" required ><label class=\"everest-forms-field-label-inline\" for=\"evf-764-field_2YAKTJbIzl-8_8\">Outros, descreva a baixo<\/label><\/li><\/ul><\/div><div id=\"evf-764-field_bpPv9fQZDr-10-container\" class=\"evf-field evf-field-text form-row\" data-field-id=\"bpPv9fQZDr-10\"><label class=\"evf-field-label\" for=\"evf-764-field_bpPv9fQZDr-10\"><span class=\"evf-label\">Outros (apenas se foi marcado outro acima)<\/span> <\/label><input type=\"text\" id=\"evf-764-field_bpPv9fQZDr-10\" class=\"input-text\" name=\"everest_forms[form_fields][bpPv9fQZDr-10]\" ><\/div><\/div><\/div><div class=\"evf-frontend-row\" data-row=\"row_5\" conditional_rules=\"[]\"><div class=\"evf-frontend-grid evf-grid-1\" data-grid=\"grid_1\"><\/div><\/div><\/div><div class=\"evf-honeypot-container evf-field-hp\"><label for=\"evf-764-field-hp\" class=\"evf-field-label\">Phone<\/label><input type=\"text\" name=\"everest_forms[hp]\" id=\"evf-764-field-hp\" class=\"input-text\"><\/div><div class=\"evf-submit-container \" ><input type=\"hidden\" name=\"everest_forms[id]\" value=\"764\"><input type=\"hidden\" name=\"everest_forms[author]\" value=\"1\"><button type='submit' name='everest_forms[submit]' class='everest-forms-submit-button button evf-submit ' id='evf-submit-764' value='evf-submit' data-process-text=\"Processando\u2026\" conditional_rules='&quot;&quot;' conditional_id='evf-submit-764'  id=\"evf-submit-764\" aria-live=\"assertive\">Enviar<\/button><\/div><\/form><\/div><!-- .evf-container --><\/div>\n","protected":false},"excerpt":{"rendered":"<p>V Semin\u00e1rio Internacional Am\u00e9rica LatinaDatas: 24 \u00e0 26 de abril de 2024 (Grupos de Trabalho, Mesas Redondas, Confer\u00eancias, Rodas de Conversa)Local: N\u00facleo de Altos Estudos Amaz\u00f4nicos Universidade Federal do Par\u00e1Realiza\u00e7\u00e3o: GETTAM \/ N\u00facleo de Altos Estudos Amaz\u00f4nicos \/ UFPACoordena\u00e7\u00e3o: Profa.&hellip; <\/p>\n","protected":false},"author":1,"featured_media":0,"parent":0,"menu_order":0,"comment_status":"closed","ping_status":"closed","template":"","meta":{"footnotes":""},"class_list":["post-757","page","type-page","status-publish","hentry"],"acf":[],"_links":{"self":[{"href":"https:\/\/2020.sialat.com\/index.php\/wp-json\/wp\/v2\/pages\/757","targetHints":{"allow":["GET"]}}],"collection":[{"href":"https:\/\/2020.sialat.com\/index.php\/wp-json\/wp\/v2\/pages"}],"about":[{"href":"https:\/\/2020.sialat.com\/index.php\/wp-json\/wp\/v2\/types\/page"}],"author":[{"embeddable":true,"href":"https:\/\/2020.sialat.com\/index.php\/wp-json\/wp\/v2\/users\/1"}],"replies":[{"embeddable":true,"href":"https:\/\/2020.sialat.com\/index.php\/wp-json\/wp\/v2\/comments?post=757"}],"version-history":[{"count":4,"href":"https:\/\/2020.sialat.com\/index.php\/wp-json\/wp\/v2\/pages\/757\/revisions"}],"predecessor-version":[{"id":836,"href":"https:\/\/2020.sialat.com\/index.php\/wp-json\/wp\/v2\/pages\/757\/revisions\/836"}],"wp:attachment":[{"href":"https:\/\/2020.sialat.com\/index.php\/wp-json\/wp\/v2\/media?parent=757"}],"curies":[{"name":"wp","href":"https:\/\/api.w.org\/{rel}","templated":true}]}}