{"id":751,"date":"2023-11-21T20:20:18","date_gmt":"2023-11-21T23:20:18","guid":{"rendered":"https:\/\/2020.sialat.com\/?page_id=751"},"modified":"2023-11-23T16:11:25","modified_gmt":"2023-11-23T19:11:25","slug":"inscricao-tipo-1","status":"publish","type":"page","link":"https:\/\/2020.sialat.com\/index.php\/inscricao-tipo-1\/","title":{"rendered":"Inscri\u00e7\u00e3o Tipo 1 &#8211; Paga"},"content":{"rendered":"\n<p>V Semin\u00e1rio Internacional Am\u00e9rica Latina<br>Datas: 24 \u00e0 26 de abril de 2024 (Grupos de Trabalho, Mesas Redondas, Confer\u00eancias, Rodas de Conversa)<br>Local: N\u00facleo de Altos Estudos Amaz\u00f4nicos Universidade Federal do Par\u00e1<br>Realiza\u00e7\u00e3o: GETTAM \/ N\u00facleo de Altos Estudos Amaz\u00f4nicos \/ UFPA<br>Coordena\u00e7\u00e3o: Profa. Dra. Edna Castro<br>Site do evento: http:\/\/sialat2024.com.br<\/p>\n\n\n<div class=\"everest-forms\"><div class=\"evf-container default\" id=\"evf-766\"><form id=\"evf-form-766\" class=\"everest-form\" data-formid=\"766\" data-ajax_submission=\"0\" data-keyboard_friendly_form=\"0\" method=\"post\" enctype=\"multipart\/form-data\" action=\"\/index.php\/wp-json\/wp\/v2\/pages\/751\"><div class=\"evf-field-container\"><input type=\"hidden\" id=\"_wpnonce766\" name=\"_wpnonce766\" value=\"4a18001af5\" \/><input type=\"hidden\" name=\"_wp_http_referer\" value=\"\/index.php\/wp-json\/wp\/v2\/pages\/751\" \/><div class=\"evf-frontend-row\" data-row=\"row_1\" conditional_rules=\"[]\"><div class=\"evf-frontend-grid evf-grid-1\" data-grid=\"grid_1\"><div id=\"evf-766-field_6jp4kQnZ4X-1-container\" class=\"evf-field evf-field-first-name form-row validate-required\" data-required-field-message=\"Este campo \u00e9 obrigat\u00f3rio\" data-field-id=\"6jp4kQnZ4X-1\"><label class=\"evf-field-label\" for=\"evf-766-field_6jp4kQnZ4X-1\"><span class=\"evf-label\">NOME COMPLETO \/ NOMBRE Y APELIDO \/ FULL NAME<\/span> <abbr class=\"required\" title=\"Required\">*<\/abbr><\/label><input type=\"text\" id=\"evf-766-field_6jp4kQnZ4X-1\" class=\"input-text\" name=\"everest_forms[form_fields][6jp4kQnZ4X-1]\" placeholder=\"nome completo\" required><\/div><div id=\"evf-766-field_F15ojUtz9h-2-container\" class=\"evf-field evf-field-email form-row validate-required validate-email\" data-required-field-message=\"por favor, coloque um email v\u00e1lido\" data-field-id=\"F15ojUtz9h-2\"><label class=\"evf-field-label\" for=\"evf-766-field_F15ojUtz9h-2\"><span class=\"evf-label\">E-MAIL \/ CORREO<\/span> <abbr class=\"required\" title=\"Required\">*<\/abbr><\/label><input type=\"email\" id=\"evf-766-field_F15ojUtz9h-2\" class=\"input-text\" name=\"everest_forms[form_fields][F15ojUtz9h-2]\" placeholder=\"email@email.com\" required ><\/div><div id=\"evf-766-field_VpiBP18fza-3-container\" class=\"evf-field evf-field-text form-row\" data-field-id=\"VpiBP18fza-3\"><label class=\"evf-field-label\" for=\"evf-766-field_VpiBP18fza-3\"><span class=\"evf-label\">TELEFONE E WHATSAPP \/ PHONE NUMBER<\/span> <\/label><input type=\"text\" id=\"evf-766-field_VpiBP18fza-3\" class=\"input-text evf-masked-input\" data-inputmask-mask=\"(99) 99999-9999\" name=\"everest_forms[form_fields][VpiBP18fza-3]\" placeholder=\"99 99999-9999\" ><\/div><\/div><\/div><div class=\"evf-frontend-row\" data-row=\"row_2\" conditional_rules=\"[]\"><div class=\"evf-frontend-grid evf-grid-1\" data-grid=\"grid_1\"><div id=\"evf-766-field_B50T7ldgvb-4-container\" class=\"evf-field evf-field-text form-row validate-required\" data-required-field-message=\"Este campo \u00e9 obrigat\u00f3rio\" data-field-id=\"B50T7ldgvb-4\"><label class=\"evf-field-label\" for=\"evf-766-field_B50T7ldgvb-4\"><span class=\"evf-label\">CIDADE \/ CIUDAD \/ CITY<\/span> <abbr class=\"required\" title=\"Required\">*<\/abbr><\/label><input type=\"text\" id=\"evf-766-field_B50T7ldgvb-4\" class=\"input-text\" name=\"everest_forms[form_fields][B50T7ldgvb-4]\" required><\/div><div id=\"evf-766-field_3z4GHI8XLN-5-container\" class=\"evf-field evf-field-text form-row validate-required\" data-required-field-message=\"Este campo \u00e9 obrigat\u00f3rio\" data-field-id=\"3z4GHI8XLN-5\"><label class=\"evf-field-label\" for=\"evf-766-field_3z4GHI8XLN-5\"><span class=\"evf-label\">PA\u00cdS \/ COUNTRY<\/span> <abbr class=\"required\" title=\"Required\">*<\/abbr><\/label><input type=\"text\" id=\"evf-766-field_3z4GHI8XLN-5\" class=\"input-text\" name=\"everest_forms[form_fields][3z4GHI8XLN-5]\" required><\/div><\/div><\/div><div class=\"evf-frontend-row\" data-row=\"row_3\" conditional_rules=\"[]\"><div class=\"evf-frontend-grid evf-grid-1\" data-grid=\"grid_1\"><div id=\"evf-766-field_UNxtnulg3I-6-container\" class=\"evf-field evf-field-text form-row validate-required\" data-required-field-message=\"Este campo \u00e9 obrigat\u00f3rio\" data-field-id=\"UNxtnulg3I-6\"><label class=\"evf-field-label\" for=\"evf-766-field_UNxtnulg3I-6\"><span class=\"evf-label\">INSTITUI\u00c7\u00c3O FILIADA OU MOVIMENTO \/ INSTITUTION (UNIVERSITY)<\/span> <abbr class=\"required\" title=\"Required\">*<\/abbr><\/label><input type=\"text\" id=\"evf-766-field_UNxtnulg3I-6\" class=\"input-text\" name=\"everest_forms[form_fields][UNxtnulg3I-6]\" required><\/div><div id=\"evf-766-field_PVcBOJ8thc-7-container\" class=\"evf-field evf-field-radio form-row everest-forms-list-2-columns validate-required\" data-required-field-message=\"Este campo \u00e9 obrigat\u00f3rio\" data-field-id=\"PVcBOJ8thc-7\"><label class=\"evf-field-label\" for=\"evf-766-field_PVcBOJ8thc-7\"><span class=\"evf-label\">N\u00cdVEL DE ESCOLARIDADE \/ EDUCATION LEVEL<\/span> <abbr class=\"required\" title=\"Required\">*<\/abbr><\/label><ul id=\"evf-766-field_PVcBOJ8thc-7\" class=\" evf-field-required\"><li class=\"choice-1 depth-1\"><input type=\"radio\" id=\"evf-766-field_PVcBOJ8thc-7_1\" class=\"input-text\" name=\"everest_forms[form_fields][PVcBOJ8thc-7]\" value=\"ESTUDANTE DO ENSINO M\u00c9DIO\" required ><label class=\"everest-forms-field-label-inline\" for=\"evf-766-field_PVcBOJ8thc-7_1\">ESTUDANTE DO ENSINO M\u00c9DIO<\/label><\/li><li class=\"choice-2 depth-1\"><input type=\"radio\" id=\"evf-766-field_PVcBOJ8thc-7_2\" class=\"input-text\" name=\"everest_forms[form_fields][PVcBOJ8thc-7]\" value=\"GRADUANDO(A)\" required ><label class=\"everest-forms-field-label-inline\" for=\"evf-766-field_PVcBOJ8thc-7_2\">GRADUANDO(A)<\/label><\/li><li class=\"choice-3 depth-1\"><input type=\"radio\" id=\"evf-766-field_PVcBOJ8thc-7_3\" class=\"input-text\" name=\"everest_forms[form_fields][PVcBOJ8thc-7]\" value=\"GRADUADO(A)\" required ><label class=\"everest-forms-field-label-inline\" for=\"evf-766-field_PVcBOJ8thc-7_3\">GRADUADO(A)<\/label><\/li><li class=\"choice-6 depth-1\"><input type=\"radio\" id=\"evf-766-field_PVcBOJ8thc-7_6\" class=\"input-text\" name=\"everest_forms[form_fields][PVcBOJ8thc-7]\" value=\"MESTRANDO(A)\" required ><label class=\"everest-forms-field-label-inline\" for=\"evf-766-field_PVcBOJ8thc-7_6\">MESTRANDO(A)<\/label><\/li><li class=\"choice-5 depth-1\"><input type=\"radio\" id=\"evf-766-field_PVcBOJ8thc-7_5\" class=\"input-text\" name=\"everest_forms[form_fields][PVcBOJ8thc-7]\" value=\"MESTRE\" required ><label class=\"everest-forms-field-label-inline\" for=\"evf-766-field_PVcBOJ8thc-7_5\">MESTRE<\/label><\/li><li class=\"choice-4 depth-1\"><input type=\"radio\" id=\"evf-766-field_PVcBOJ8thc-7_4\" class=\"input-text\" name=\"everest_forms[form_fields][PVcBOJ8thc-7]\" value=\"DOUTORANDO(A)\" required ><label class=\"everest-forms-field-label-inline\" for=\"evf-766-field_PVcBOJ8thc-7_4\">DOUTORANDO(A)<\/label><\/li><li class=\"choice-7 depth-1\"><input type=\"radio\" id=\"evf-766-field_PVcBOJ8thc-7_7\" class=\"input-text\" name=\"everest_forms[form_fields][PVcBOJ8thc-7]\" value=\"DOUTOR(A)\" required ><label class=\"everest-forms-field-label-inline\" for=\"evf-766-field_PVcBOJ8thc-7_7\">DOUTOR(A)<\/label><\/li><li class=\"choice-8 depth-1\"><input type=\"radio\" id=\"evf-766-field_PVcBOJ8thc-7_8\" class=\"input-text\" name=\"everest_forms[form_fields][PVcBOJ8thc-7]\" value=\"Outro, descreva a baixo\" required ><label class=\"everest-forms-field-label-inline\" for=\"evf-766-field_PVcBOJ8thc-7_8\">Outro, descreva a baixo<\/label><\/li><\/ul><\/div><div id=\"evf-766-field_Yyj2QhIEEi-8-container\" class=\"evf-field evf-field-text form-row\" data-field-id=\"Yyj2QhIEEi-8\"><label class=\"evf-field-label\" for=\"evf-766-field_Yyj2QhIEEi-8\"><span class=\"evf-label\">Outro (apenas se foi marcado outro acima)<\/span> <\/label><input type=\"text\" id=\"evf-766-field_Yyj2QhIEEi-8\" class=\"input-text\" name=\"everest_forms[form_fields][Yyj2QhIEEi-8]\" ><\/div><\/div><\/div><div class=\"evf-frontend-row\" data-row=\"row_4\" conditional_rules=\"[]\"><div class=\"evf-frontend-grid evf-grid-1\" data-grid=\"grid_1\"><div id=\"evf-766-field_LoAvVOTGh8-9-container\" class=\"evf-field evf-field-radio form-row validate-required\" data-required-field-message=\"Este campo \u00e9 obrigat\u00f3rio\" data-field-id=\"LoAvVOTGh8-9\"><label class=\"evf-field-label\" for=\"evf-766-field_LoAvVOTGh8-9\"><span class=\"evf-label\">CATEGORIA DE PARTICIPA\u00c7\u00c3O (Valores at\u00e9 26 de janeiro de 2024)<\/span> <abbr class=\"required\" title=\"Required\">*<\/abbr><\/label><ul id=\"evf-766-field_LoAvVOTGh8-9\" class=\" evf-field-required\"><li class=\"choice-1 depth-1\"><input type=\"radio\" id=\"evf-766-field_LoAvVOTGh8-9_1\" class=\"input-text\" name=\"everest_forms[form_fields][LoAvVOTGh8-9]\" value=\"1 - Aluno de Gradua\u00e7\u00e3o (R$ 30,00)\" required ><label class=\"everest-forms-field-label-inline\" for=\"evf-766-field_LoAvVOTGh8-9_1\">1 - Aluno de Gradua\u00e7\u00e3o (R$ 30,00)<\/label><\/li><li class=\"choice-2 depth-1\"><input type=\"radio\" id=\"evf-766-field_LoAvVOTGh8-9_2\" class=\"input-text\" name=\"everest_forms[form_fields][LoAvVOTGh8-9]\" value=\"2 - Graduado (R$ 40,00)\" required ><label class=\"everest-forms-field-label-inline\" for=\"evf-766-field_LoAvVOTGh8-9_2\">2 - Graduado (R$ 40,00)<\/label><\/li><li class=\"choice-3 depth-1\"><input type=\"radio\" id=\"evf-766-field_LoAvVOTGh8-9_3\" class=\"input-text\" name=\"everest_forms[form_fields][LoAvVOTGh8-9]\" value=\"3 - Discente de P\u00f3s-gradua\u00e7\u00e3o (especializa\u00e7\u00e3o, mestrado ou doutorado) (R$ 60,00)\" required ><label class=\"everest-forms-field-label-inline\" for=\"evf-766-field_LoAvVOTGh8-9_3\">3 - Discente de P\u00f3s-gradua\u00e7\u00e3o (especializa\u00e7\u00e3o, mestrado ou doutorado) (R$ 60,00)<\/label><\/li><li class=\"choice-5 depth-1\"><input type=\"radio\" id=\"evf-766-field_LoAvVOTGh8-9_5\" class=\"input-text\" name=\"everest_forms[form_fields][LoAvVOTGh8-9]\" value=\"4 - Professores\/Pesquisadores e outros profissionais (R$ 80,00)\" required ><label class=\"everest-forms-field-label-inline\" for=\"evf-766-field_LoAvVOTGh8-9_5\">4 - Professores\/Pesquisadores e outros profissionais (R$ 80,00)<\/label><\/li><\/ul><\/div><\/div><\/div><div class=\"evf-frontend-row\" data-row=\"row_5\" conditional_rules=\"[]\"><div class=\"evf-frontend-grid evf-grid-1\" data-grid=\"grid_1\"><div id=\"evf-766-field_Dy8gAbQxid-10-container\" class=\"evf-field evf-field-radio form-row everest-forms-list-2-columns\" data-field-id=\"Dy8gAbQxid-10\"><label class=\"evf-field-label\" for=\"evf-766-field_Dy8gAbQxid-10\"><span class=\"evf-label\">Em qual GT voc\u00ea vai submeter trabalho?<\/span> <\/label><ul id=\"evf-766-field_Dy8gAbQxid-10\"><li class=\"choice-1 depth-1\"><input type=\"radio\" id=\"evf-766-field_Dy8gAbQxid-10_1\" class=\"input-text\" name=\"everest_forms[form_fields][Dy8gAbQxid-10]\" value=\"GT 1\"  ><label class=\"everest-forms-field-label-inline\" for=\"evf-766-field_Dy8gAbQxid-10_1\">GT 1<\/label><\/li><li class=\"choice-2 depth-1\"><input type=\"radio\" id=\"evf-766-field_Dy8gAbQxid-10_2\" class=\"input-text\" name=\"everest_forms[form_fields][Dy8gAbQxid-10]\" value=\"GT 2\"  ><label class=\"everest-forms-field-label-inline\" for=\"evf-766-field_Dy8gAbQxid-10_2\">GT 2<\/label><\/li><li class=\"choice-3 depth-1\"><input type=\"radio\" id=\"evf-766-field_Dy8gAbQxid-10_3\" class=\"input-text\" name=\"everest_forms[form_fields][Dy8gAbQxid-10]\" value=\"GT 3\"  ><label class=\"everest-forms-field-label-inline\" for=\"evf-766-field_Dy8gAbQxid-10_3\">GT 3<\/label><\/li><li class=\"choice-8 depth-1\"><input type=\"radio\" id=\"evf-766-field_Dy8gAbQxid-10_8\" class=\"input-text\" name=\"everest_forms[form_fields][Dy8gAbQxid-10]\" value=\"GT 4\"  ><label class=\"everest-forms-field-label-inline\" for=\"evf-766-field_Dy8gAbQxid-10_8\">GT 4<\/label><\/li><li class=\"choice-7 depth-1\"><input type=\"radio\" id=\"evf-766-field_Dy8gAbQxid-10_7\" class=\"input-text\" name=\"everest_forms[form_fields][Dy8gAbQxid-10]\" value=\"GT 5\"  ><label class=\"everest-forms-field-label-inline\" for=\"evf-766-field_Dy8gAbQxid-10_7\">GT 5<\/label><\/li><li class=\"choice-6 depth-1\"><input type=\"radio\" id=\"evf-766-field_Dy8gAbQxid-10_6\" class=\"input-text\" name=\"everest_forms[form_fields][Dy8gAbQxid-10]\" value=\"GT 6\"  ><label class=\"everest-forms-field-label-inline\" for=\"evf-766-field_Dy8gAbQxid-10_6\">GT 6<\/label><\/li><li class=\"choice-5 depth-1\"><input type=\"radio\" id=\"evf-766-field_Dy8gAbQxid-10_5\" class=\"input-text\" name=\"everest_forms[form_fields][Dy8gAbQxid-10]\" value=\"GT 7\"  ><label class=\"everest-forms-field-label-inline\" for=\"evf-766-field_Dy8gAbQxid-10_5\">GT 7<\/label><\/li><li class=\"choice-4 depth-1\"><input type=\"radio\" id=\"evf-766-field_Dy8gAbQxid-10_4\" class=\"input-text\" name=\"everest_forms[form_fields][Dy8gAbQxid-10]\" value=\"GT 8\"  ><label class=\"everest-forms-field-label-inline\" for=\"evf-766-field_Dy8gAbQxid-10_4\">GT 8<\/label><\/li><\/ul><\/div><\/div><\/div><\/div><div class=\"evf-honeypot-container evf-field-hp\"><label for=\"evf-766-field-hp\" class=\"evf-field-label\">Phone<\/label><input type=\"text\" name=\"everest_forms[hp]\" id=\"evf-766-field-hp\" class=\"input-text\"><\/div><div class=\"evf-submit-container \" ><input type=\"hidden\" name=\"everest_forms[id]\" value=\"766\"><input type=\"hidden\" name=\"everest_forms[author]\" value=\"1\"><button type='submit' name='everest_forms[submit]' class='everest-forms-submit-button button evf-submit ' id='evf-submit-766' value='evf-submit' data-process-text=\"Processando\u2026\" conditional_rules='&quot;&quot;' conditional_id='evf-submit-766'  id=\"evf-submit-766\" aria-live=\"assertive\">Enviar<\/button><\/div><\/form><\/div><!-- .evf-container --><\/div>\n","protected":false},"excerpt":{"rendered":"<p>V Semin\u00e1rio Internacional Am\u00e9rica LatinaDatas: 24 \u00e0 26 de abril de 2024 (Grupos de Trabalho, Mesas Redondas, Confer\u00eancias, Rodas de Conversa)Local: N\u00facleo de Altos Estudos Amaz\u00f4nicos Universidade Federal do Par\u00e1Realiza\u00e7\u00e3o: GETTAM \/ N\u00facleo de Altos Estudos Amaz\u00f4nicos \/ UFPACoordena\u00e7\u00e3o: Profa.&hellip; <\/p>\n","protected":false},"author":1,"featured_media":0,"parent":0,"menu_order":0,"comment_status":"closed","ping_status":"closed","template":"","meta":{"footnotes":""},"class_list":["post-751","page","type-page","status-publish","hentry"],"acf":[],"_links":{"self":[{"href":"https:\/\/2020.sialat.com\/index.php\/wp-json\/wp\/v2\/pages\/751","targetHints":{"allow":["GET"]}}],"collection":[{"href":"https:\/\/2020.sialat.com\/index.php\/wp-json\/wp\/v2\/pages"}],"about":[{"href":"https:\/\/2020.sialat.com\/index.php\/wp-json\/wp\/v2\/types\/page"}],"author":[{"embeddable":true,"href":"https:\/\/2020.sialat.com\/index.php\/wp-json\/wp\/v2\/users\/1"}],"replies":[{"embeddable":true,"href":"https:\/\/2020.sialat.com\/index.php\/wp-json\/wp\/v2\/comments?post=751"}],"version-history":[{"count":5,"href":"https:\/\/2020.sialat.com\/index.php\/wp-json\/wp\/v2\/pages\/751\/revisions"}],"predecessor-version":[{"id":837,"href":"https:\/\/2020.sialat.com\/index.php\/wp-json\/wp\/v2\/pages\/751\/revisions\/837"}],"wp:attachment":[{"href":"https:\/\/2020.sialat.com\/index.php\/wp-json\/wp\/v2\/media?parent=751"}],"curies":[{"name":"wp","href":"https:\/\/api.w.org\/{rel}","templated":true}]}}