{"id":707,"date":"2023-11-21T11:33:43","date_gmt":"2023-11-21T14:33:43","guid":{"rendered":"https:\/\/2020.sialat.com\/?page_id=707"},"modified":"2023-11-23T17:29:16","modified_gmt":"2023-11-23T20:29:16","slug":"submissao-de-trabalhos","status":"publish","type":"page","link":"https:\/\/2020.sialat.com\/index.php\/submissao-de-trabalhos\/","title":{"rendered":"Submiss\u00e3o de trabalhos"},"content":{"rendered":"\n<p><strong>Cronograma de Submiss\u00e3o de Resumos, Trabalhos Completos e Resumo de P\u00f4ster<\/strong><\/p>\n\n\n\n<figure class=\"wp-block-table\"><table><tbody><tr><td><strong>Atividades<\/strong><\/td><td><strong>Datas<\/strong><\/td><\/tr><tr><td>Submiss\u00e3o de resumos para GT\u2019s<\/td><td>At\u00e9 05\/01\/2024<\/td><\/tr><tr><td>Submiss\u00e3o de resumos para P\u00f4ster<\/td><td>At\u00e9 05\/01\/2024<\/td><\/tr><tr><td>Divulga\u00e7\u00e3o do resultado dos resumos aprovados para GTs<\/td><td>15\/01\/2024<\/td><\/tr><tr><td>Divulga\u00e7\u00e3o do resultado dos resumos aprovados para P\u00f4ster<\/td><td>25\/01\/2024<\/td><\/tr><tr><td>Prazo para envio do artigo completo<\/td><td>At\u00e9 30\/03\/2024<\/td><\/tr><tr><td>Divulga\u00e7\u00e3o da Programa\u00e7\u00e3o dos GT\u2019s no site<\/td><td>05\/04\/2024<\/td><\/tr><tr><td>Apresenta\u00e7\u00e3o de trabalhos nos GT\u2019s<\/td><td>24 \u00e0 26\/04\/2024<\/td><\/tr><\/tbody><\/table><\/figure>\n\n\n\n<p>SUBMISS\u00c3O DE TRABALHOS<\/p>\n\n\n\n<p>Observa\u00e7\u00f5es gerais:<\/p>\n\n\n\n<p>O primeiro passo para a submiss\u00e3o de propostas aos Grupos de Trabalho do 5\u00ba SIALAT \u00e9 o envio de resumos. Uma vez que a proposta seja aprovada, haver\u00e1 um prazo para o envio do artigo completo.<\/p>\n\n\n\n<p>Esta edi\u00e7\u00e3o do evento contar\u00e1 com a Sess\u00e3o de P\u00f4steres destinada aos alunos da gradua\u00e7\u00e3o. Para os demais, haver\u00e1 a modalidade de Comunica\u00e7\u00e3o Oral nos Grupos de Trabalho.<\/p>\n\n\n\n<p>Para a Submiss\u00e3o do Trabalho Completo pelo menos um dos\/das autores\/autoras dever\u00e1 estar com a inscri\u00e7\u00e3o confirmada (paga).<\/p>\n\n\n\n<p>Cada participante poder\u00e1 submeter at\u00e9 tr\u00eas (3) trabalhos:<\/p>\n\n\n\n<p>\u2013 Sendo dois (2) trabalhos como autor\/a principal, se concorrer em mais de um GT;<\/p>\n\n\n\n<p>\u2013 Sendo apenas um (1) como autor\/a principal, e os demais como co-autoria, se no mesmo GT.<\/p>\n\n\n\n<p>Cada trabalho poder\u00e1 ter at\u00e9 quatro (4) autores, sendo que o\/a autor\/a principal dever\u00e1, obrigatoriamente, ter a titula\u00e7\u00e3o m\u00ednima de gradua\u00e7\u00e3o completa.<\/p>\n\n\n\n<p>OBS: D\u00favidas e casos omissos, entre em contato pelo seguinte e-mail: 5sialat2024@gmail.com<\/p>\n\n\n\n<p>Atentem para as regras a seguir, e n\u00e3o percam os prazos!<\/p>\n\n\n\n<p>MODELO E REGRAS PARA O RESUMO<\/p>\n\n\n\n<p>Para submeter trabalhos a serem apresentados nos GTs do 5\u00ba SIALAT o participante dever\u00e1 enviar resumo (em portugu\u00eas, espanhol ou ingl\u00eas), contendo at\u00e9 500 palavras, para o seguinte e-mail: 5sialat2024@gmail.com<\/p>\n\n\n\n<p>O resumo deve conter:<\/p>\n\n\n\n<p>\u2013 T\u00edtulo;<\/p>\n\n\n\n<p>\u2013 Principais elementos te\u00f3ricos e metodol\u00f3gicos do trabalho;<\/p>\n\n\n\n<p>\u2013 Em que consiste a an\u00e1lise, resultado de pesquisa ou debate principal.<\/p>\n\n\n\n<p>As regras de formata\u00e7\u00e3o encontram-se no <em>template<\/em> do resumo.<\/p>\n\n\n\n<p>Baixe o Template do resumo aqui<\/p>\n\n\n\n<p>MODELO E REGRAS PARA TRABALHOS COMPLETOS&nbsp;<\/p>\n\n\n\n<ol class=\"wp-block-list\">\n<li>Os trabalhos completos (artigos) devem ser enviados em arquivo Word for Windows, com extens\u00e3o .doc ou .docx.<\/li>\n\n\n\n<li>No ato do envio do trabalho completo, favor colocar no \u201cAssunto\u201d do e-mail o n\u00famero e nome do Grupo de Trabalho (GT) ao qual pertence o<em> <\/em>artigo.<\/li>\n\n\n\n<li>N\u00e3o ser\u00e3o aceitos trabalhos que requeiram <em>softwares<\/em> n\u00e3o contidos no <em>Microsoft Office<\/em> para sua completa visualiza\u00e7\u00e3o.<\/li>\n\n\n\n<li>Somente ser\u00e3o aceitos trabalhos com reda\u00e7\u00e3o e ortografia adequadas, pois a vers\u00e3o enviada ir\u00e1 para os Anais, n\u00e3o podendo haver altera\u00e7\u00f5es posteriores.<\/li>\n\n\n\n<li>Ser\u00e3o aceitos trabalhos submetidos em portugu\u00eas, espanhol e ingl\u00eas.<\/li>\n\n\n\n<li>O nome do arquivo deve conter as orienta\u00e7\u00f5es do exemplo abaixo, considerando o GT no qual o trabalho foi aprovado, e sobrenome do primeiro autor: Ex: GT 01_FERREIRA<\/li>\n\n\n\n<li>A primeira folha do<em> <\/em>artigo deve conter:<\/li>\n<\/ol>\n\n\n\n<p>\u2013 Cabe\u00e7alho com logo do evento (de acordo com modelo \u2013 template \u2013 dispon\u00edvel abaixo), mas apenas na primeira p\u00e1gina do artigo;<\/p>\n\n\n\n<p>\u2013 Nome do GT, em caixa baixa, negrito, centralizado, fonte arial 12;<\/p>\n\n\n\n<p>\u2013 T\u00edtulo do trabalho em caixa alta, centralizado, fonte arial 12;<\/p>\n\n\n\n<p>\u2013 Nome do(s) autor(es), seguido de sigla da institui\u00e7\u00e3o (entre par\u00eantese, em caixa alta), alinhado \u00e0 direita, fonte arial 11;<\/p>\n\n\n\n<p>\u2013 Inserir nota de rodap\u00e9 para cada autor, informando nome da institui\u00e7\u00e3o por extenso e email.<\/p>\n\n\n\n<p>\u2013 Resumo do trabalho, com at\u00e9 250 palavras, fonte arial 11, em um \u00fanico par\u00e1grafo, no mesmo idioma do trabalho.<\/p>\n\n\n\n<p>\u2013 Palavras-chave: n\u00famero m\u00e1ximo de 5.<\/p>\n\n\n\n<p>\u2013 Ap\u00f3s estas informa\u00e7\u00f5es, iniciar o texto, na mesma folha.<\/p>\n\n\n\n<p>Demais regras<\/p>\n\n\n\n<p>\u2013 O trabalho deve conter de 10 a 20 folhas, j\u00e1 com a bibliografia e todo tipo de imagens, tabelas ou gr\u00e1ficos, e demais recursos utilizados. P\u00e1ginas que excedam ao n\u00famero m\u00e1ximo permitido ser\u00e3o automaticamente suprimidas.<\/p>\n\n\n\n<p>\u2013 Tamanho do papel: A4;<\/p>\n\n\n\n<p>\u2013 Margens: superior = 2.5 \/inferior = 2.5 \/ laterais = 2.5;<\/p>\n\n\n\n<p>\u2013 As folhas devem ser numeradas;<\/p>\n\n\n\n<p>\u2013 Fonte: arial 11, com par\u00e1grafo justificado;<\/p>\n\n\n\n<p>\u2013 Espa\u00e7amento entre linhas de 1,5;<\/p>\n\n\n\n<p>\u2013 Deslocamento do par\u00e1grafo (recuo) 1,5cm;<\/p>\n\n\n\n<p>\u2013 Notas de rodap\u00e9: Arial 9, par\u00e1grafo justificado;<\/p>\n\n\n\n<p>\u2013 Tamanho m\u00e1ximo do arquivo: 3 MB<\/p>\n\n\n\n<p>\u2013 Casos omissos sobre formata\u00e7\u00e3o, ver normas da ABNT.<\/p>\n\n\n\n<p>Baixe aqui o Template do artigo final aqui<\/p>\n\n\n\n<p>Orienta\u00e7\u00f5es \u2013 Comunica\u00e7\u00e3o Oral<\/p>\n\n\n\n<ol class=\"wp-block-list\">\n<li>\u00c9 obrigat\u00f3ria a inscri\u00e7\u00e3o de ao menos um autor no evento para apresentar o trabalho aprovado, e efetivar a publica\u00e7\u00e3o.<\/li>\n\n\n\n<li>Cada autor dever\u00e1 encaminhar seu artigo final, a ser publicados em vers\u00e3o eletr\u00f4nica na p\u00e1gina eletr\u00f4nica do 5\u00ba SIALAT, \u00fanica e exclusivamente, para o endere\u00e7o de e-mail: 5sialat2024@gmail.com, AT\u00c9 A DATA M\u00c1XIMA DE 10 de janeiro de 2021. O encontro n\u00e3o se responsabilizar\u00e1 por trabalhos enviados para outro endere\u00e7o que n\u00e3o seja este, e nem fora do prazo estipulado;<\/li>\n\n\n\n<li>As comunica\u00e7\u00f5es orais ser\u00e3o apresentadas em sess\u00f5es previamente organizadas pelos coordenadores de GTs (de acordo com programa\u00e7\u00e3o a ser disponibilizada neste site);<\/li>\n\n\n\n<li>A apresenta\u00e7\u00e3o do trabalho N\u00c3O poder\u00e1 ser feita por co-autores que n\u00e3o possuam gradua\u00e7\u00e3o completa, ou que n\u00e3o estejam listados na autoria do trabalho.<\/li>\n<\/ol>\n","protected":false},"excerpt":{"rendered":"<p>Cronograma de Submiss\u00e3o de Resumos, Trabalhos Completos e Resumo de P\u00f4ster Atividades Datas Submiss\u00e3o de resumos para GT\u2019s At\u00e9 05\/01\/2024 Submiss\u00e3o de resumos para P\u00f4ster At\u00e9 05\/01\/2024 Divulga\u00e7\u00e3o do resultado dos resumos aprovados para GTs 15\/01\/2024 Divulga\u00e7\u00e3o do resultado dos&hellip; <\/p>\n","protected":false},"author":1,"featured_media":0,"parent":0,"menu_order":0,"comment_status":"closed","ping_status":"closed","template":"","meta":{"footnotes":""},"class_list":["post-707","page","type-page","status-publish","hentry"],"acf":[],"_links":{"self":[{"href":"https:\/\/2020.sialat.com\/index.php\/wp-json\/wp\/v2\/pages\/707","targetHints":{"allow":["GET"]}}],"collection":[{"href":"https:\/\/2020.sialat.com\/index.php\/wp-json\/wp\/v2\/pages"}],"about":[{"href":"https:\/\/2020.sialat.com\/index.php\/wp-json\/wp\/v2\/types\/page"}],"author":[{"embeddable":true,"href":"https:\/\/2020.sialat.com\/index.php\/wp-json\/wp\/v2\/users\/1"}],"replies":[{"embeddable":true,"href":"https:\/\/2020.sialat.com\/index.php\/wp-json\/wp\/v2\/comments?post=707"}],"version-history":[{"count":6,"href":"https:\/\/2020.sialat.com\/index.php\/wp-json\/wp\/v2\/pages\/707\/revisions"}],"predecessor-version":[{"id":842,"href":"https:\/\/2020.sialat.com\/index.php\/wp-json\/wp\/v2\/pages\/707\/revisions\/842"}],"wp:attachment":[{"href":"https:\/\/2020.sialat.com\/index.php\/wp-json\/wp\/v2\/media?parent=707"}],"curies":[{"name":"wp","href":"https:\/\/api.w.org\/{rel}","templated":true}]}}