{"id":702,"date":"2023-11-21T11:32:50","date_gmt":"2023-11-21T14:32:50","guid":{"rendered":"https:\/\/2020.sialat.com\/?page_id=702"},"modified":"2023-11-23T16:11:52","modified_gmt":"2023-11-23T19:11:52","slug":"inscricao-etapa-2","status":"publish","type":"page","link":"https:\/\/2020.sialat.com\/index.php\/inscricao-etapa-2\/","title":{"rendered":"Inscri\u00e7\u00e3o \u2013 2\u00aa Etapa"},"content":{"rendered":"<a class=\"maxbutton-1 maxbutton maxbutton-inscricao\" href=\"\/index.php\/incricao-tipo-1\/\"><span class='mb-text'>Tipo 1 - V SIALAT - Inscri\u00e7\u00f5es Pagas<\/span><\/a>\n\n\n<a class=\"maxbutton-2 maxbutton maxbutton-inscricao-2\" href=\"\/index.php\/inscricao-tipo-2\/\"><span class='mb-text'>Tipo 2 - V SIALAT - Inscri\u00e7\u00f5es Gratuitas<\/span><\/a>\n\n\n\n<p>&nbsp;<\/p>\n\n\n\n<hr>\n\n\n\n<p>V Semin\u00e1rio Internacional Am\u00e9rica Latina<br>Datas: 24 \u00e0 26 de abril de 2024 (Grupos de Trabalho, Mesas Redondas, Confer\u00eancias, Rodas de Conversa)<br>Local: N\u00facleo de Altos Estudos Amaz\u00f4nicos Universidade Federal do Par\u00e1<br>Realiza\u00e7\u00e3o: GETTAM \/ N\u00facleo de Altos Estudos Amaz\u00f4nicos \/ UFPA<br>Coordena\u00e7\u00e3o: Profa. Dra. Edna Castro<br>Site do evento: <a href=\"https:\/\/2020.sialat.com\">http:\/\/sialat2024.com.br<\/a> <\/p>\n","protected":false},"excerpt":{"rendered":"<p>&nbsp; V Semin\u00e1rio Internacional Am\u00e9rica LatinaDatas: 24 \u00e0 26 de abril de 2024 (Grupos de Trabalho, Mesas Redondas, Confer\u00eancias, Rodas de Conversa)Local: N\u00facleo de Altos Estudos Amaz\u00f4nicos Universidade Federal do Par\u00e1Realiza\u00e7\u00e3o: GETTAM \/ N\u00facleo de Altos Estudos Amaz\u00f4nicos \/ UFPACoordena\u00e7\u00e3o:&hellip; <\/p>\n","protected":false},"author":1,"featured_media":0,"parent":0,"menu_order":0,"comment_status":"closed","ping_status":"closed","template":"","meta":{"footnotes":""},"class_list":["post-702","page","type-page","status-publish","hentry"],"acf":[],"_links":{"self":[{"href":"https:\/\/2020.sialat.com\/index.php\/wp-json\/wp\/v2\/pages\/702","targetHints":{"allow":["GET"]}}],"collection":[{"href":"https:\/\/2020.sialat.com\/index.php\/wp-json\/wp\/v2\/pages"}],"about":[{"href":"https:\/\/2020.sialat.com\/index.php\/wp-json\/wp\/v2\/types\/page"}],"author":[{"embeddable":true,"href":"https:\/\/2020.sialat.com\/index.php\/wp-json\/wp\/v2\/users\/1"}],"replies":[{"embeddable":true,"href":"https:\/\/2020.sialat.com\/index.php\/wp-json\/wp\/v2\/comments?post=702"}],"version-history":[{"count":24,"href":"https:\/\/2020.sialat.com\/index.php\/wp-json\/wp\/v2\/pages\/702\/revisions"}],"predecessor-version":[{"id":838,"href":"https:\/\/2020.sialat.com\/index.php\/wp-json\/wp\/v2\/pages\/702\/revisions\/838"}],"wp:attachment":[{"href":"https:\/\/2020.sialat.com\/index.php\/wp-json\/wp\/v2\/media?parent=702"}],"curies":[{"name":"wp","href":"https:\/\/api.w.org\/{rel}","templated":true}]}}