{"id":557,"date":"2023-10-03T19:56:00","date_gmt":"2023-10-03T22:56:00","guid":{"rendered":"https:\/\/2020.sialat.com\/?page_id=557"},"modified":"2023-11-23T16:21:52","modified_gmt":"2023-11-23T19:21:52","slug":"inscricao-realizada-com-sucesso","status":"publish","type":"page","link":"https:\/\/2020.sialat.com\/index.php\/inscricao-realizada-com-sucesso\/","title":{"rendered":"Inscri\u00e7\u00e3o realizada com sucesso!"},"content":{"rendered":"\n\n\t<p>Inscri\u00e7\u00e3o realizada com sucesso! Obrigado por se inscrever!<\/p>\n<p>Deseja fazer outra inscri\u00e7\u00e3o?<\/p>\n\t\t\t<a href=\"https:\/\/2020.sialat.com\/index.php\/inscricao-etapa-2\/\" target=\"_self\" rel=\"noopener\">\n\t\t\t\t\t\tSim\n\t\t\t\t\t<\/a>\n\t\t\t<a href=\"https:\/\/2020.sialat.com\/index.php\/sialat-2023\/\" target=\"_self\" rel=\"noopener\">\n\t\t\t\t\t\t\tN\u00e3o\n\t\t\t\t\t<\/a>\n\n","protected":false},"excerpt":{"rendered":"<p>Inscri\u00e7\u00e3o realizada com sucesso! Obrigado por se inscrever! Deseja fazer outra inscri\u00e7\u00e3o? Sim N\u00e3o<\/p>\n","protected":false},"author":1,"featured_media":0,"parent":0,"menu_order":0,"comment_status":"closed","ping_status":"closed","template":"","meta":{"footnotes":""},"class_list":["post-557","page","type-page","status-publish","hentry"],"acf":[],"_links":{"self":[{"href":"https:\/\/2020.sialat.com\/index.php\/wp-json\/wp\/v2\/pages\/557","targetHints":{"allow":["GET"]}}],"collection":[{"href":"https:\/\/2020.sialat.com\/index.php\/wp-json\/wp\/v2\/pages"}],"about":[{"href":"https:\/\/2020.sialat.com\/index.php\/wp-json\/wp\/v2\/types\/page"}],"author":[{"embeddable":true,"href":"https:\/\/2020.sialat.com\/index.php\/wp-json\/wp\/v2\/users\/1"}],"replies":[{"embeddable":true,"href":"https:\/\/2020.sialat.com\/index.php\/wp-json\/wp\/v2\/comments?post=557"}],"version-history":[{"count":7,"href":"https:\/\/2020.sialat.com\/index.php\/wp-json\/wp\/v2\/pages\/557\/revisions"}],"predecessor-version":[{"id":839,"href":"https:\/\/2020.sialat.com\/index.php\/wp-json\/wp\/v2\/pages\/557\/revisions\/839"}],"wp:attachment":[{"href":"https:\/\/2020.sialat.com\/index.php\/wp-json\/wp\/v2\/media?parent=557"}],"curies":[{"name":"wp","href":"https:\/\/api.w.org\/{rel}","templated":true}]}}