{"id":377,"date":"2023-09-24T21:04:28","date_gmt":"2023-09-25T00:04:28","guid":{"rendered":"https:\/\/2020.sialat.com\/?page_id=377"},"modified":"2023-11-23T21:34:04","modified_gmt":"2023-11-24T00:34:04","slug":"gettam-naea","status":"publish","type":"page","link":"https:\/\/2020.sialat.com\/index.php\/gettam-naea\/","title":{"rendered":"GETTAM\/NAEA"},"content":{"rendered":"\n<div class=\"wp-block-group alignwide is-vertical is-content-justification-center is-layout-flex wp-container-core-group-is-layout-73a99bce wp-block-group-is-layout-flex\">\n<p class=\"has-text-align-justify\">O Grupo de Pesquisa Estado, Territ\u00f3rio, Trabalho e Mercados Globalizados (GETTAM) constitui-se em espa\u00e7o de investiga\u00e7\u00e3o, produ\u00e7\u00e3o cient\u00edfica e interven\u00e7\u00e3o social nas Amaz\u00f4nias. A diversidade dos seus integrantes (docentes, discentes e t\u00e9cnicos) revela necess\u00e1ria abertura para o di\u00e1logo coletivo e propositivo somado ao fato dos mesmos terem suas pesquisas marcadas pela contribui\u00e7\u00e3o aos debates contempor\u00e2neos em territ\u00f3rios diversos. Adota-se como linha te\u00f3rico-metodol\u00f3gica a abordagem interdisciplinar cr\u00edtica, reflexiva e multiescalar para interpelar temas como desenvolvimento e meio ambiente, conflitos, territ\u00f3rios, grandes empreendimentos e projetos de infra-estrutura, lutas pol\u00edticas, movimentos de insurg\u00eancia, colonialidade e racismos, povos e comunidades tradicionais, cidades amaz\u00f4nicas, geopol\u00edtica e necropol\u00edticas, decolonialidade e o sitema-mundo capitalista.<br><\/p>\n\n\n\n<p class=\"has-text-align-justify\">O GETTAM comp\u00f5e o Diret\u00f3rio de Grupos de Pesquisa do CNPq, foi criado em 1995 e \u00e9 coordenado pela professora em\u00e9rita Dra. Edna Maria Ramos de Castro. Os membros do grupo s\u00e3o oriundos do Programa de P\u00f3s-Gradua\u00e7\u00e3o em Desenvolvimento Sustent\u00e1vel do Tr\u00f3pico \u00damido (PPGDSTU) do N\u00facleo de Altos Estudos Amaz\u00f4nicos (NAEA) e do Programa de P\u00f3s-gradua\u00e7\u00e3o em Sociologia e Antropologia (PPGSA) do Instituto de Filosofia e Ci\u00eancias Humanas (IFCH), da Universidade Federal do Par\u00e1 (UFPA) e de docentes de outras universidades ou institutos de pesquisa com os quais tem parceria.<br><\/p>\n\n\n\n<p class=\"has-text-align-justify\">O grupo concebe e organiza, desde 2015, o SIALAT (Semin\u00e1rio Internacional Am\u00e9rica Latina e Caribe), sob a coordena\u00e7\u00e3o geral da Profa. Edna Castro e conta com parcerias nacionais e internacionais. Como evento bianual, o SIALAT vem pautando temas contempor\u00e2neos do Sul-Global, dando visibilidade para din\u00e2micas s\u00f3cioecon\u00f4micas e ambientais, aos processos de mobiliza\u00e7\u00e3o e de lutas pol\u00edticas e na perspectiva cr\u00edtica de epistemologias do Sul. Al\u00e9m desse evento, o GETTAM realiza semin\u00e1rios tem\u00e1ticos, jornadas e palestras como forma de divulgar e problematizar os fen\u00f4menos sociopol\u00edticos em curso nas realidades em transforma\u00e7\u00e3o.<\/p>\n\n\n\n<p class=\"has-text-align-justify\"><br>As produ\u00e7\u00f5es nacionais e internacionais do GETTAM t\u00eam tido repercuss\u00f5es acad\u00eamicas e pol\u00edticas importantes na medida em que os pesquisadores identificam, em diferentes linguagens, limites de projetos desenvolvimentistas e acenam a perspectiva cr\u00edtica de enfrent\u00e1-los seja epistemologicamente, seja ainda no apoio aos coletivos que vem forjando novas maneiras de pensar o mundo, a vida e a hist\u00f3ria.<\/p>\n<\/div>\n\n\n\n<p><br>Os integrantes do grupo:<\/p>\n\n\n\n<ul class=\"wp-block-list\">\n<li>&#8211; Edna Maria Ramos de Castro (coordenadora geral do GETTAM)<\/li>\n<\/ul>\n\n\n\n<figure class=\"wp-block-image size-full\"><img loading=\"lazy\" decoding=\"async\" width=\"912\" height=\"472\" src=\"https:\/\/2020.sialat.com\/wp-content\/uploads\/2023\/09\/Logos_Realizacao.jpg\" alt=\"\" class=\"wp-image-378\" srcset=\"https:\/\/2020.sialat.com\/wp-content\/uploads\/2023\/09\/Logos_Realizacao.jpg 912w, https:\/\/2020.sialat.com\/wp-content\/uploads\/2023\/09\/Logos_Realizacao-300x155.jpg 300w, https:\/\/2020.sialat.com\/wp-content\/uploads\/2023\/09\/Logos_Realizacao-768x397.jpg 768w\" sizes=\"auto, (max-width: 912px) 100vw, 912px\" \/><\/figure>\n","protected":false},"excerpt":{"rendered":"<p>O Grupo de Pesquisa Estado, Territ\u00f3rio, Trabalho e Mercados Globalizados (GETTAM) constitui-se em espa\u00e7o de investiga\u00e7\u00e3o, produ\u00e7\u00e3o cient\u00edfica e interven\u00e7\u00e3o social nas Amaz\u00f4nias. A diversidade dos seus integrantes (docentes, discentes e t\u00e9cnicos) revela necess\u00e1ria abertura para o di\u00e1logo coletivo e&hellip; <\/p>\n","protected":false},"author":1,"featured_media":0,"parent":0,"menu_order":0,"comment_status":"closed","ping_status":"closed","template":"","meta":{"footnotes":""},"class_list":["post-377","page","type-page","status-publish","hentry"],"acf":[],"_links":{"self":[{"href":"https:\/\/2020.sialat.com\/index.php\/wp-json\/wp\/v2\/pages\/377","targetHints":{"allow":["GET"]}}],"collection":[{"href":"https:\/\/2020.sialat.com\/index.php\/wp-json\/wp\/v2\/pages"}],"about":[{"href":"https:\/\/2020.sialat.com\/index.php\/wp-json\/wp\/v2\/types\/page"}],"author":[{"embeddable":true,"href":"https:\/\/2020.sialat.com\/index.php\/wp-json\/wp\/v2\/users\/1"}],"replies":[{"embeddable":true,"href":"https:\/\/2020.sialat.com\/index.php\/wp-json\/wp\/v2\/comments?post=377"}],"version-history":[{"count":5,"href":"https:\/\/2020.sialat.com\/index.php\/wp-json\/wp\/v2\/pages\/377\/revisions"}],"predecessor-version":[{"id":835,"href":"https:\/\/2020.sialat.com\/index.php\/wp-json\/wp\/v2\/pages\/377\/revisions\/835"}],"wp:attachment":[{"href":"https:\/\/2020.sialat.com\/index.php\/wp-json\/wp\/v2\/media?parent=377"}],"curies":[{"name":"wp","href":"https:\/\/api.w.org\/{rel}","templated":true}]}}