{"id":348,"date":"2023-09-24T18:27:26","date_gmt":"2023-09-24T21:27:26","guid":{"rendered":"https:\/\/2020.sialat.com\/?page_id=348"},"modified":"2023-09-25T17:02:50","modified_gmt":"2023-09-25T20:02:50","slug":"o-evento","status":"publish","type":"page","link":"https:\/\/2020.sialat.com\/index.php\/o-evento\/","title":{"rendered":"O Evento"},"content":{"rendered":"\n<p>O que \u00e9 o V SIALAT?<\/p>\n\n\n\n<p>Informamos a abertura do site do V <strong><em>Semin\u00e1rio Internacional Am\u00e9rica Latina e Caribe: conflitos e pol\u00edticas contempor\u00e2neas<\/em><\/strong> \u2013 V SIALAT &#8211; que ocorrer\u00e1 em Bel\u00e9m e promovido pelo N\u00facleo de Altos Estudos Amaz\u00f4nicos\/NAEA e seu Programa de P\u00f3s-Gradua\u00e7\u00e3o em Desenvolvimento Sustent\u00e1vel do Tr\u00f3pico \u00damido, da Universidade Federal do Par\u00e1\/UFPA.<\/p>\n\n\n\n<p>Nesta edi\u00e7\u00e3o, o tema central&nbsp;ser\u00e1 <em>Multi-s\u00f3cio-diversidade, pensamento cr\u00edtico e utopias. Esperamos poder refletir <\/em>a partir das viv\u00eancias e das constru\u00e7\u00f5es te\u00f3ricas de car\u00e1ter coletivo, intercultural e transdisciplinar.<\/p>\n\n\n\n<p>Ele ocorrer\u00e1 em dois momentos, sendo sua abertura com atividades programadas para os dias 18 e 19 de outubro de 2023 e como um esquenta SIALAT. O segundo momento ocorrer\u00e1 nos dias 27, 28 e 29 de mar\u00e7o de 2024, quando ir\u00e3o se reunir os Grupos de Trabalho al\u00e9m de Confer\u00eancias, Mesas Redondas, Mini Cursos, Lan\u00e7amento de Livros e&nbsp;Programa\u00e7\u00e3o Cultural.<\/p>\n\n\n\n<p>Participamos assim da retornada das atividades presenciais depois dos impasses dolorosos da crise sanit\u00e1ria com a pandemia da Covid&#8211;19 que nos atingiu a todos no planeta. \u00c0 crise sanit\u00e1ria soma-se outras crises contempor\u00e2neas com&nbsp;desdobramentos terr\u00edveis nos pa\u00edses da Am\u00e9rica Latina e do Caribe agravando, ainda mais, os problemas estruturais como a exclus\u00e3o social, o racismo, a desigualdade, a viol\u00eancia e a degrada\u00e7\u00e3o ambiental impondo novos desafios que nos cabe analisar e contribuir com as pol\u00edticas de repara\u00e7\u00e3o. Imp\u00f5e-se como chave a intoler\u00e2ncia aos processos de acumula\u00e7\u00e3o e concentra\u00e7\u00e3o de riqueza, ao saque de recursos naturais e outros itens causadores do aquecimento global e de intensifica\u00e7\u00e3o de eventos extremos. Cabe, portanto, em particular direcionar o olhar&nbsp;sobre processos emergentes que permitam a constru\u00e7\u00e3o de insurg\u00eancias e utopias.&nbsp;<\/p>\n\n\n\n<p>Comiss\u00e3o Organizadora<\/p>\n","protected":false},"excerpt":{"rendered":"<p>O que \u00e9 o V SIALAT? Informamos a abertura do site do V Semin\u00e1rio Internacional Am\u00e9rica Latina e Caribe: conflitos e pol\u00edticas contempor\u00e2neas \u2013 V SIALAT &#8211; que ocorrer\u00e1 em Bel\u00e9m e promovido pelo N\u00facleo de Altos Estudos Amaz\u00f4nicos\/NAEA e&hellip; <\/p>\n","protected":false},"author":1,"featured_media":0,"parent":0,"menu_order":0,"comment_status":"closed","ping_status":"closed","template":"","meta":{"footnotes":""},"class_list":["post-348","page","type-page","status-publish","hentry"],"acf":[],"_links":{"self":[{"href":"https:\/\/2020.sialat.com\/index.php\/wp-json\/wp\/v2\/pages\/348","targetHints":{"allow":["GET"]}}],"collection":[{"href":"https:\/\/2020.sialat.com\/index.php\/wp-json\/wp\/v2\/pages"}],"about":[{"href":"https:\/\/2020.sialat.com\/index.php\/wp-json\/wp\/v2\/types\/page"}],"author":[{"embeddable":true,"href":"https:\/\/2020.sialat.com\/index.php\/wp-json\/wp\/v2\/users\/1"}],"replies":[{"embeddable":true,"href":"https:\/\/2020.sialat.com\/index.php\/wp-json\/wp\/v2\/comments?post=348"}],"version-history":[{"count":5,"href":"https:\/\/2020.sialat.com\/index.php\/wp-json\/wp\/v2\/pages\/348\/revisions"}],"predecessor-version":[{"id":456,"href":"https:\/\/2020.sialat.com\/index.php\/wp-json\/wp\/v2\/pages\/348\/revisions\/456"}],"wp:attachment":[{"href":"https:\/\/2020.sialat.com\/index.php\/wp-json\/wp\/v2\/media?parent=348"}],"curies":[{"name":"wp","href":"https:\/\/api.w.org\/{rel}","templated":true}]}}